{"id":325,"date":"2024-07-07T07:33:08","date_gmt":"2024-07-07T05:33:08","guid":{"rendered":"https:\/\/www.wakicrowd.com\/our-teachers\/"},"modified":"2024-07-15T06:53:15","modified_gmt":"2024-07-15T04:53:15","slug":"our-teachers","status":"publish","type":"page","link":"https:\/\/www.wakicrowd.com\/en\/our-teachers\/","title":{"rendered":"Our Team"},"content":{"rendered":"<div class=\"wp-block-uagb-container uagb-block-008591ee alignfull uagb-is-root-container\"><div class=\"uagb-container-inner-blocks-wrap\">\n<div class=\"wp-block-uagb-container uagb-block-54864b48\">\n<div class=\"wp-block-uagb-advanced-heading uagb-block-8a8dfec7\"><h1 class=\"uagb-heading-text\">Our Team\u200b<\/h1><\/div>\n\n\n\n<div class=\"wp-block-uagb-advanced-heading uagb-block-fee5d9a2\"><h3 class=\"uagb-heading-text\">Our ideal is to unite families and communities, reducing immigration.\u200b<\/h3><\/div>\n<\/div>\n<\/div><\/div>\n\n\n\n<div class=\"wp-block-uagb-container uagb-block-c680f108 alignfull uagb-is-root-container\"><div class=\"uagb-container-inner-blocks-wrap\">\n<div class=\"wp-block-uagb-container uagb-block-963c4728\">\n<div class=\"wp-block-uagb-container uagb-block-a17ca420 alignfull uagb-is-root-container\"><div class=\"uagb-container-inner-blocks-wrap\">\n<div class=\"wp-block-uagb-container uagb-block-f63a7a67\">\n<div class=\"wp-block-uagb-image aligncenter uagb-block-c73bed78 wp-block-uagb-image--layout-default wp-block-uagb-image--effect-static wp-block-uagb-image--align-center\"><figure class=\"wp-block-uagb-image__figure\"><img loading=\"lazy\" decoding=\"async\" srcset=\"https:\/\/www.wakicrowd.com\/wp-content\/uploads\/2024\/07\/EMS-14_07_2024.jpg ,https:\/\/www.wakicrowd.com\/wp-content\/uploads\/2024\/07\/EMS-14_07_2024.jpg 780w, https:\/\/www.wakicrowd.com\/wp-content\/uploads\/2024\/07\/EMS-14_07_2024.jpg 360w\" sizes=\"auto, (max-width: 480px) 150px\" src=\"https:\/\/www.wakicrowd.com\/wp-content\/uploads\/2024\/07\/EMS-14_07_2024.jpg\" alt=\"\" class=\"uag-image-1544\" width=\"177\" height=\"175\" title=\"EMS-14_07_2024\" role=\"img\"\/><\/figure><\/div>\n\n\n\n<div class=\"wp-block-uagb-info-box uagb-block-897b4ee9 uagb-infobox__content-wrap  uagb-infobox-icon-left-title uagb-infobox-left uagb-infobox-image-valign-middle\"><div class=\"uagb-ifb-content\"><div class=\"uagb-ifb-left-title-image\"><div class=\"uagb-ifb-icon-wrap\"><svg xmlns=\"https:\/\/www.w3.org\/2000\/svg\" viewbox=\"0 0 640 512\"><path d=\"M623.1 136.9l-282.7-101.2c-13.73-4.91-28.7-4.91-42.43 0L16.05 136.9C6.438 140.4 0 149.6 0 160s6.438 19.65 16.05 23.09L76.07 204.6c-11.89 15.8-20.26 34.16-24.55 53.95C40.05 263.4 32 274.8 32 288c0 9.953 4.814 18.49 11.94 24.36l-24.83 149C17.48 471.1 25 480 34.89 480H93.11c9.887 0 17.41-8.879 15.78-18.63l-24.83-149C91.19 306.5 96 297.1 96 288c0-10.29-5.174-19.03-12.72-24.89c4.252-17.76 12.88-33.82 24.94-47.03l190.6 68.23c13.73 4.91 28.7 4.91 42.43 0l282.7-101.2C633.6 179.6 640 170.4 640 160S633.6 140.4 623.1 136.9zM351.1 314.4C341.7 318.1 330.9 320 320 320c-10.92 0-21.69-1.867-32-5.555L142.8 262.5L128 405.3C128 446.6 213.1 480 320 480c105.1 0 192-33.4 192-74.67l-14.78-142.9L351.1 314.4z\"><\/path><\/svg><\/div><div class=\"uagb-ifb-title-wrap\"><h6 class=\"uagb-ifb-title\">Magister en Econom\u00eda con menci\u00f3n en Finanzas y Proyectos Corporativos<\/h6><\/div><\/div><\/div><\/div>\n\n\n\n<div class=\"wp-block-uagb-star-rating uagb-block-55bb9cb0\"><p class=\"uag-star-rating__title\">5.0<\/p><div class=\"uag-star-rating\" title=\"5\/5\"><span class=\"uag-star\">\u2605<\/span><span class=\"uag-star\">\u2605<\/span><span class=\"uag-star\">\u2605<\/span><span class=\"uag-star\">\u2605<\/span><span class=\"uag-star\">\u2605<\/span><\/div><\/div>\n<\/div>\n\n\n\n<div class=\"wp-block-uagb-container uagb-block-3da24567\">\n<div class=\"wp-block-uagb-advanced-heading uagb-block-6743a447\"><h4 class=\"uagb-heading-text\">Edward Mora Sosa  &#8211;  General Manager<\/h4><p class=\"uagb-desc-text\">Ex-Gerente de varias empresas en diferentes sectores: Distribuidora de Productos Alimenticios, de Retail, Construcci\u00f3n de Viviendas.                                  <\/p><\/div>\n\n\n\n<figure class=\"wp-block-image size-thumbnail is-resized is-style-rounded\"><a class=\"Registro\" href=\"https:\/\/www.wakicrowd.com\/wp-content\/uploads\/2024\/07\/Titulo__EMS_0913583209.pdf\" target=\"_blank\" rel=\"noreferrer noopener\"><img decoding=\"async\" width=\"150\" height=\"55\" src=\"https:\/\/www.wakicrowd.com\/wp-content\/uploads\/2024\/07\/ROJO-BOTON-TEXTO-1-150x55.jpg\" alt=\"Registro Profesional\" class=\"wp-image-1469\" style=\"width:125px\"\/><\/a><\/figure>\n<\/div>\n<\/div><\/div>\n\n\n\n<div class=\"wp-block-uagb-container uagb-block-67a35a4c alignfull uagb-is-root-container\"><div class=\"uagb-container-inner-blocks-wrap\">\n<div class=\"wp-block-uagb-container uagb-block-8061635b\">\n<div class=\"wp-block-uagb-image aligncenter uagb-block-ee616f46 wp-block-uagb-image--layout-default wp-block-uagb-image--effect-static wp-block-uagb-image--align-center\"><figure class=\"wp-block-uagb-image__figure\"><img loading=\"lazy\" decoding=\"async\" srcset=\"https:\/\/www.wakicrowd.com\/wp-content\/uploads\/2024\/07\/Jacky-II.jpg ,https:\/\/www.wakicrowd.com\/wp-content\/uploads\/2024\/07\/Jacky-II.jpg 780w, https:\/\/www.wakicrowd.com\/wp-content\/uploads\/2024\/07\/Jacky-II.jpg 360w\" sizes=\"auto, (max-width: 480px) 150px\" src=\"https:\/\/www.wakicrowd.com\/wp-content\/uploads\/2024\/07\/Jacky-II.jpg\" alt=\"\" class=\"uag-image-1541\" width=\"138\" height=\"154\" title=\"Jacky II\" role=\"img\"\/><\/figure><\/div>\n\n\n\n<div class=\"wp-block-uagb-info-box uagb-block-6decb7c6 uagb-infobox__content-wrap  uagb-infobox-icon-left-title uagb-infobox-left uagb-infobox-image-valign-middle\"><div class=\"uagb-ifb-content\"><div class=\"uagb-ifb-left-title-image\"><div class=\"uagb-ifb-icon-wrap\"><svg xmlns=\"https:\/\/www.w3.org\/2000\/svg\" viewbox=\"0 0 640 512\"><path d=\"M623.1 136.9l-282.7-101.2c-13.73-4.91-28.7-4.91-42.43 0L16.05 136.9C6.438 140.4 0 149.6 0 160s6.438 19.65 16.05 23.09L76.07 204.6c-11.89 15.8-20.26 34.16-24.55 53.95C40.05 263.4 32 274.8 32 288c0 9.953 4.814 18.49 11.94 24.36l-24.83 149C17.48 471.1 25 480 34.89 480H93.11c9.887 0 17.41-8.879 15.78-18.63l-24.83-149C91.19 306.5 96 297.1 96 288c0-10.29-5.174-19.03-12.72-24.89c4.252-17.76 12.88-33.82 24.94-47.03l190.6 68.23c13.73 4.91 28.7 4.91 42.43 0l282.7-101.2C633.6 179.6 640 170.4 640 160S633.6 140.4 623.1 136.9zM351.1 314.4C341.7 318.1 330.9 320 320 320c-10.92 0-21.69-1.867-32-5.555L142.8 262.5L128 405.3C128 446.6 213.1 480 320 480c105.1 0 192-33.4 192-74.67l-14.78-142.9L351.1 314.4z\"><\/path><\/svg><\/div><div class=\"uagb-ifb-title-wrap\"><h6 class=\"uagb-ifb-title\">Ingeniera en Administraci\u00f3n de Empresas<\/h6><\/div><\/div><\/div><\/div>\n\n\n\n<div class=\"wp-block-uagb-star-rating uagb-block-9bb786f5\"><p class=\"uag-star-rating__title\">5.0<\/p><div class=\"uag-star-rating\" title=\"5\/5\"><span class=\"uag-star\">\u2605<\/span><span class=\"uag-star\">\u2605<\/span><span class=\"uag-star\">\u2605<\/span><span class=\"uag-star\">\u2605<\/span><span class=\"uag-star\">\u2605<\/span><\/div><\/div>\n<\/div>\n\n\n\n<div class=\"wp-block-uagb-container uagb-block-87c216eb\">\n<div class=\"wp-block-uagb-advanced-heading uagb-block-8d89b097\"><h4 class=\"uagb-heading-text\">Jackeline G\u00f3mez Nieto  &#8211;  Credit Analyst<\/h4><p class=\"uagb-desc-text\">Ejecutiva de Banca y Finanzas, Gerente de Cr\u00e9dito, An\u00e1lisis de Riesgo, sectores en los que ha trabajado: Bancario, Papelero, Construcci\u00f3n, Hotelero<\/p><\/div>\n\n\n\n<figure class=\"wp-block-image size-thumbnail is-resized is-style-rounded\"><a class=\"Registro\" href=\"https:\/\/www.wakicrowd.com\/wp-content\/uploads\/2024\/07\/Titulo_Jacky_0909708026.pdf\" target=\"_blank\" rel=\"noreferrer noopener\"><img decoding=\"async\" width=\"150\" height=\"55\" src=\"https:\/\/www.wakicrowd.com\/wp-content\/uploads\/2024\/07\/ROJO-BOTON-TEXTO-1-150x55.jpg\" alt=\"Registro Profesional\" class=\"wp-image-1469\" style=\"width:125px\"\/><\/a><\/figure>\n<\/div>\n<\/div><\/div>\n\n\n\n<div class=\"wp-block-uagb-container uagb-block-8e5f660b alignfull uagb-is-root-container\"><div class=\"uagb-container-inner-blocks-wrap\">\n<div class=\"wp-block-uagb-container uagb-block-f9b48d76\">\n<div class=\"wp-block-uagb-image aligncenter uagb-block-e95b66c3 wp-block-uagb-image--layout-default wp-block-uagb-image--effect-static wp-block-uagb-image--align-center\"><figure class=\"wp-block-uagb-image__figure\"><img loading=\"lazy\" decoding=\"async\" srcset=\"https:\/\/www.wakicrowd.com\/wp-content\/uploads\/2020\/09\/testimonial-03-free-img.jpg ,https:\/\/www.wakicrowd.com\/wp-content\/uploads\/2020\/09\/testimonial-03-free-img.jpg 780w, https:\/\/www.wakicrowd.com\/wp-content\/uploads\/2020\/09\/testimonial-03-free-img.jpg 360w\" sizes=\"auto, (max-width: 480px) 150px\" src=\"https:\/\/www.wakicrowd.com\/wp-content\/uploads\/2020\/09\/testimonial-03-free-img.jpg\" alt=\"Testimonial Image\" class=\"uag-image-101\" width=\"100\" height=\"100\" title=\"testimonial-03-free-img\" role=\"img\"\/><\/figure><\/div>\n\n\n\n<div class=\"wp-block-uagb-info-box uagb-block-5eddfccd uagb-infobox__content-wrap  uagb-infobox-icon-left-title uagb-infobox-left uagb-infobox-image-valign-middle\"><div class=\"uagb-ifb-content\"><div class=\"uagb-ifb-left-title-image\"><div class=\"uagb-ifb-icon-wrap\"><svg xmlns=\"https:\/\/www.w3.org\/2000\/svg\" viewbox=\"0 0 640 512\"><path d=\"M623.1 136.9l-282.7-101.2c-13.73-4.91-28.7-4.91-42.43 0L16.05 136.9C6.438 140.4 0 149.6 0 160s6.438 19.65 16.05 23.09L76.07 204.6c-11.89 15.8-20.26 34.16-24.55 53.95C40.05 263.4 32 274.8 32 288c0 9.953 4.814 18.49 11.94 24.36l-24.83 149C17.48 471.1 25 480 34.89 480H93.11c9.887 0 17.41-8.879 15.78-18.63l-24.83-149C91.19 306.5 96 297.1 96 288c0-10.29-5.174-19.03-12.72-24.89c4.252-17.76 12.88-33.82 24.94-47.03l190.6 68.23c13.73 4.91 28.7 4.91 42.43 0l282.7-101.2C633.6 179.6 640 170.4 640 160S633.6 140.4 623.1 136.9zM351.1 314.4C341.7 318.1 330.9 320 320 320c-10.92 0-21.69-1.867-32-5.555L142.8 262.5L128 405.3C128 446.6 213.1 480 320 480c105.1 0 192-33.4 192-74.67l-14.78-142.9L351.1 314.4z\"><\/path><\/svg><\/div><div class=\"uagb-ifb-title-wrap\"><h6 class=\"uagb-ifb-title\">Lcda. en Comunicaci\u00f3n Digital<\/h6><\/div><\/div><\/div><\/div>\n\n\n\n<div class=\"wp-block-uagb-star-rating uagb-block-a934c7b9\"><p class=\"uag-star-rating__title\">4.5<\/p><div class=\"uag-star-rating\" title=\"4.5\/5\"><span class=\"uag-star\">\u2605<\/span><span class=\"uag-star\">\u2605<\/span><span class=\"uag-star\">\u2605<\/span><span class=\"uag-star\">\u2605<\/span><span class=\"uag-star\">\u2605<\/span><\/div><\/div>\n<\/div>\n\n\n\n<div class=\"wp-block-uagb-container uagb-block-fea2cefd\">\n<div class=\"wp-block-uagb-advanced-heading uagb-block-12dc2e54\"><h4 class=\"uagb-heading-text\">Daniela Lima Cede\u00f1o   &#8211;  Community Manager<\/h4><p class=\"uagb-desc-text\">Experiencia en manejo de cuentas empresariales<\/p><\/div>\n<\/div>\n<\/div><\/div>\n\n\n\n<div class=\"wp-block-uagb-container uagb-block-0b345db2 alignfull uagb-is-root-container\"><div class=\"uagb-container-inner-blocks-wrap\">\n<div class=\"wp-block-uagb-container uagb-block-0afafcad\">\n<div class=\"wp-block-uagb-image aligncenter uagb-block-04a212cb wp-block-uagb-image--layout-default wp-block-uagb-image--effect-static wp-block-uagb-image--align-center\"><figure class=\"wp-block-uagb-image__figure\"><img loading=\"lazy\" decoding=\"async\" srcset=\"https:\/\/www.wakicrowd.com\/wp-content\/uploads\/2020\/09\/testimonial-13-free-img.jpg ,https:\/\/www.wakicrowd.com\/wp-content\/uploads\/2020\/09\/testimonial-13-free-img.jpg 780w, https:\/\/www.wakicrowd.com\/wp-content\/uploads\/2020\/09\/testimonial-13-free-img.jpg 360w\" sizes=\"auto, (max-width: 480px) 150px\" src=\"https:\/\/www.wakicrowd.com\/wp-content\/uploads\/2020\/09\/testimonial-13-free-img.jpg\" alt=\"Testimonial Image\" class=\"uag-image-104\" width=\"100\" height=\"100\" title=\"testimonial-13-free-img\" role=\"img\"\/><\/figure><\/div>\n\n\n\n<div class=\"wp-block-uagb-info-box uagb-block-ad53b3b2 uagb-infobox__content-wrap  uagb-infobox-icon-left-title uagb-infobox-left uagb-infobox-image-valign-middle\"><div class=\"uagb-ifb-content\"><div class=\"uagb-ifb-left-title-image\"><div class=\"uagb-ifb-icon-wrap\"><svg xmlns=\"https:\/\/www.w3.org\/2000\/svg\" viewbox=\"0 0 640 512\"><path d=\"M623.1 136.9l-282.7-101.2c-13.73-4.91-28.7-4.91-42.43 0L16.05 136.9C6.438 140.4 0 149.6 0 160s6.438 19.65 16.05 23.09L76.07 204.6c-11.89 15.8-20.26 34.16-24.55 53.95C40.05 263.4 32 274.8 32 288c0 9.953 4.814 18.49 11.94 24.36l-24.83 149C17.48 471.1 25 480 34.89 480H93.11c9.887 0 17.41-8.879 15.78-18.63l-24.83-149C91.19 306.5 96 297.1 96 288c0-10.29-5.174-19.03-12.72-24.89c4.252-17.76 12.88-33.82 24.94-47.03l190.6 68.23c13.73 4.91 28.7 4.91 42.43 0l282.7-101.2C633.6 179.6 640 170.4 640 160S633.6 140.4 623.1 136.9zM351.1 314.4C341.7 318.1 330.9 320 320 320c-10.92 0-21.69-1.867-32-5.555L142.8 262.5L128 405.3C128 446.6 213.1 480 320 480c105.1 0 192-33.4 192-74.67l-14.78-142.9L351.1 314.4z\"><\/path><\/svg><\/div><div class=\"uagb-ifb-title-wrap\"><h6 class=\"uagb-ifb-title\">Ingeniero en Sistemas<\/h6><\/div><\/div><\/div><\/div>\n\n\n\n<div class=\"wp-block-uagb-star-rating uagb-block-c370d433\"><p class=\"uag-star-rating__title\">4.7<\/p><div class=\"uag-star-rating\" title=\"4.7\/5\"><span class=\"uag-star\">\u2605<\/span><span class=\"uag-star\">\u2605<\/span><span class=\"uag-star\">\u2605<\/span><span class=\"uag-star\">\u2605<\/span><span class=\"uag-star\">\u2605<\/span><\/div><\/div>\n<\/div>\n\n\n\n<div class=\"wp-block-uagb-container uagb-block-5e96afd5\">\n<div class=\"wp-block-uagb-advanced-heading uagb-block-3da2386f\"><h4 class=\"uagb-heading-text\">N.N.  &#8211;  Web administrator or webmasters<\/h4><p class=\"uagb-desc-text\">Programador y manejo de la p\u00e1gina web<\/p><\/div>\n<\/div>\n<\/div><\/div>\n<\/div>\n<\/div><\/div>\n\n\n\n<div class=\"wp-block-uagb-container uagb-block-d7548786 alignfull uagb-is-root-container\"><div class=\"uagb-container-inner-blocks-wrap\"><\/div><\/div>","protected":false},"excerpt":{"rendered":"<p>Our Team\u200b Our ideal is to unite families and communities, reducing immigration.\u200b Edward Mora Sosa &#8211; General Manager Ex-Gerente de varias empresas en diferentes sectores: Distribuidora de Productos Alimenticios, de Retail, Construcci\u00f3n de Viviendas. Jackeline G\u00f3mez Nieto &#8211; Credit Analyst Ejecutiva de Banca y Finanzas, Gerente de Cr\u00e9dito, An\u00e1lisis de Riesgo, sectores en los que [&hellip;]<\/p>","protected":false},"author":1,"featured_media":0,"parent":0,"menu_order":0,"comment_status":"closed","ping_status":"closed","template":"","meta":{"_uag_custom_page_level_css":"","site-sidebar-layout":"no-sidebar","site-content-layout":"page-builder","ast-site-content-layout":"full-width-container","site-content-style":"unboxed","site-sidebar-style":"unboxed","ast-global-header-display":"","ast-banner-title-visibility":"","ast-main-header-display":"","ast-hfb-above-header-display":"","ast-hfb-below-header-display":"","ast-hfb-mobile-header-display":"","site-post-title":"","ast-breadcrumbs-content":"","ast-featured-img":"disabled","footer-sml-layout":"","theme-transparent-header-meta":"enabled","adv-header-id-meta":"","stick-header-meta":"","header-above-stick-meta":"","header-main-stick-meta":"","header-below-stick-meta":"","astra-migrate-meta-layouts":"set","ast-page-background-enabled":"default","ast-page-background-meta":{"desktop":{"background-color":"","background-image":"","background-repeat":"repeat","background-position":"center center","background-size":"auto","background-attachment":"scroll","background-type":"","background-media":"","overlay-type":"","overlay-color":"","overlay-opacity":"","overlay-gradient":""},"tablet":{"background-color":"","background-image":"","background-repeat":"repeat","background-position":"center center","background-size":"auto","background-attachment":"scroll","background-type":"","background-media":"","overlay-type":"","overlay-color":"","overlay-opacity":"","overlay-gradient":""},"mobile":{"background-color":"","background-image":"","background-repeat":"repeat","background-position":"center center","background-size":"auto","background-attachment":"scroll","background-type":"","background-media":"","overlay-type":"","overlay-color":"","overlay-opacity":"","overlay-gradient":""}},"ast-content-background-meta":{"desktop":{"background-color":"var(--ast-global-color-5)","background-image":"","background-repeat":"repeat","background-position":"center center","background-size":"auto","background-attachment":"scroll","background-type":"","background-media":"","overlay-type":"","overlay-color":"","overlay-opacity":"","overlay-gradient":""},"tablet":{"background-color":"var(--ast-global-color-5)","background-image":"","background-repeat":"repeat","background-position":"center center","background-size":"auto","background-attachment":"scroll","background-type":"","background-media":"","overlay-type":"","overlay-color":"","overlay-opacity":"","overlay-gradient":""},"mobile":{"background-color":"var(--ast-global-color-5)","background-image":"","background-repeat":"repeat","background-position":"center center","background-size":"auto","background-attachment":"scroll","background-type":"","background-media":"","overlay-type":"","overlay-color":"","overlay-opacity":"","overlay-gradient":""}},"footnotes":""},"class_list":["post-325","page","type-page","status-publish","hentry"],"uagb_featured_image_src":{"full":false,"thumbnail":false,"medium":false,"medium_large":false,"large":false,"1536x1536":false,"2048x2048":false,"trp-custom-language-flag":false},"uagb_author_info":{"display_name":"Edward","author_link":"https:\/\/www.wakicrowd.com\/en\/author\/edward\/"},"uagb_comment_info":0,"uagb_excerpt":"Our Team\u200b Our ideal is to unite families and communities, reducing immigration.\u200b Edward Mora Sosa &#8211; General Manager Ex-Gerente de varias empresas en diferentes sectores: Distribuidora de Productos Alimenticios, de Retail, Construcci\u00f3n de Viviendas. Jackeline G\u00f3mez Nieto &#8211; Credit Analyst Ejecutiva de Banca y Finanzas, Gerente de Cr\u00e9dito, An\u00e1lisis de Riesgo, sectores en los que&hellip;","_links":{"self":[{"href":"https:\/\/www.wakicrowd.com\/en\/wp-json\/wp\/v2\/pages\/325","targetHints":{"allow":["GET"]}}],"collection":[{"href":"https:\/\/www.wakicrowd.com\/en\/wp-json\/wp\/v2\/pages"}],"about":[{"href":"https:\/\/www.wakicrowd.com\/en\/wp-json\/wp\/v2\/types\/page"}],"author":[{"embeddable":true,"href":"https:\/\/www.wakicrowd.com\/en\/wp-json\/wp\/v2\/users\/1"}],"replies":[{"embeddable":true,"href":"https:\/\/www.wakicrowd.com\/en\/wp-json\/wp\/v2\/comments?post=325"}],"version-history":[{"count":13,"href":"https:\/\/www.wakicrowd.com\/en\/wp-json\/wp\/v2\/pages\/325\/revisions"}],"predecessor-version":[{"id":1595,"href":"https:\/\/www.wakicrowd.com\/en\/wp-json\/wp\/v2\/pages\/325\/revisions\/1595"}],"wp:attachment":[{"href":"https:\/\/www.wakicrowd.com\/en\/wp-json\/wp\/v2\/media?parent=325"}],"curies":[{"name":"wp","href":"https:\/\/api.w.org\/{rel}","templated":true}]}}